{"id":140,"date":"2020-02-19T11:07:41","date_gmt":"2020-02-19T11:07:41","guid":{"rendered":"https:\/\/feuerwehrschlieren.ch\/118\/?page_id=140"},"modified":"2022-12-01T09:58:21","modified_gmt":"2022-12-01T09:58:21","slug":"impressum","status":"publish","type":"page","link":"https:\/\/feuerwehrschlieren.ch\/118\/impressum\/","title":{"rendered":"Impressum"},"content":{"rendered":"<p>Unsere Datenschutzrichtlinien finden Sie <a href=\"https:\/\/feuerwehrschlieren.ch\/118\/datenschutzerklaerung\/\">hier<\/a>.<\/p>\n<p>Verantwortlicher:<br \/>\n<span class=\"tsmcontroller\">Depot Adresse:<br \/>\nFeuerwehr Schlieren<br \/>\nDepot B\u00fcelhof<br \/>\nUitikonerstrasse 30<br \/>\n8952 Schlieren<br \/>\nTelefon: 044 730 30 00<\/span><\/p>\n<p>Post Adresse:<br \/>\nFeuerwehr Schlieren<br \/>\nStadtverwaltung Schlieren<br \/>\nFreiestrasse 6<br \/>\n8952 Schlieren<br \/>\nTelefon: 044 738 15 14<\/p>\n<p>M\u00f6chten Sie wissen welche Daten wir von Ihnen gespeichert haben? Benutzen Sie bitte dieses <a href=\"https:\/\/feuerwehrschlieren.ch\/118\/kontakt\/\">Formular<\/a>.<\/p>\n<p><strong>Rechtliche Hinweise, Copyright<\/strong><\/p>\n<p>Mit dem Zugriff auf diese Website und ihre Seiten erkl\u00e4ren Sie, dass Sie die folgenden Anwendungsbedingungen und rechtlichen Informationen im Zusammenhang mit dieser Website (und den darin enthaltenen Elementen) verstanden haben und anerkennen. Wenn Sie mit den nachfolgenden Bedingungen nicht einverstanden sind, unterlassen Sie den Zugriff auf diese Website und ihre Seiten (nachfolgend &#8222;Site&#8220; genannt).<\/p>\n<p><strong>Copyright<\/strong><\/p>\n<p>S\u00e4mtliche Elemente auf dieser Site geh\u00f6ren der Feuerwehr Schlieren (insbesondere Urheber- und andere Rechte), sofern nichts anderes erw\u00e4hnt ist. Die Elemente sind nur f\u00fcr Browsingzwecke frei benutzbar; falls Elemente ganz oder teilweise in irgendeiner Form &#8211; elektronisch oder schriftlich &#8211; reproduziert werden, ist die ausdr\u00fcckliche Nennung der Feuerwehr Schlieren erforderlich. Ausserdem muss f\u00fcr die Wiederver\u00f6ffentlichung jeglicher Elemente die Zustimmung der Feuerwehr Schlieren eingeholt werden.<\/p>\n<p><strong>Keine Zusicherung<\/strong><\/p>\n<p>Obwohl die Feuerwehr Schlieren alle Sorgfalt darauf verwendet hat, dass die Informationen auf der Site zum Zeitpunkt der Ver\u00f6ffentlichung korrekt sind, kann die Feuerwehr Schlieren keine Zusicherung oder Gew\u00e4hrleistung (auch gegen\u00fcber Dritten) hinsichtlich der Genauigkeit, Zuverl\u00e4ssigkeit oder Vollst\u00e4ndigkeit der Information machen. Meinungen und sonstige Informationen auf der Site k\u00f6nnen jederzeit ohne Ank\u00fcndigung ge\u00e4ndert werden.<\/p>\n<p><strong>Haftungsausschluss<\/strong><\/p>\n<p>Jegliche Haftung der Feuerwehr Schlieten einschliesslich Fahrl\u00e4ssigkeit f\u00fcr Sch\u00e4den oder Folgesch\u00e4den, die sich aus dem Zugriff auf die Elemente der Site oder deren Benutzung (bzw. aus der Unm\u00f6glichkeit des Zugriffs oder der Benutzung) ergeben, ist ausgeschlossen.<\/p>\n<p><strong>Links zu anderen Websites<\/strong><\/p>\n<p>Die Feuerwehr Schlieren hat die mit der Site &#8222;verlinkten&#8220; Websites ein Mal \u00fcberpr\u00fcft und ist nicht verantwortlich f\u00fcr den Inhalt dieser Off-Site-Seiten oder anderer Websites, die mit der Site verlinkt sind. Das Herstellen von Verbindungen zu Off-Site-Seiten oder anderen Websites erfolgt auf eigenes Risiko.<\/p>\n<p><strong>Cookies<\/strong><\/p>\n<p>Diese Website verwendet Cookies. Cookies sind kleine Textdateien, die beim Besuch dieser Website in Ihrem Computer dauerhaft oder tempor\u00e4r gespeichert werden. Zweck der Cookies ist insbesondere die Analyse der Nutzung dieser Website zur statistischen Auswertung sowie f\u00fcr kontinuierliche Verbesserungen. In Ihrem Browser k\u00f6nnen Sie Cookies in den Einstellungen jederzeit ganz oder teilweise deaktivieren. Bei deaktivierten Cookies stehen Ihnen allenfalls nicht mehr alle Funktionen dieser Website zur Verf\u00fcgung.<\/p>\n","protected":false},"excerpt":{"rendered":"<p>Unsere Datenschutzrichtlinien finden Sie hier. Verantwortlicher: Depot Adresse: Feuerwehr Schlieren Depot B\u00fcelhof Uitikonerstrasse 30 8952 Schlieren Telefon: 044 730 30 00 Post Adresse: Feuerwehr Schlieren Stadtverwaltung Schlieren Freiestrasse 6 8952 Schlieren Telefon: 044 738 15 14 M\u00f6chten Sie wissen welche Daten wir von Ihnen gespeichert haben? Benutzen Sie bitte dieses Formular. Rechtliche Hinweise, Copyright Mit &hellip; <\/p>\n<p class=\"link-more\"><a href=\"https:\/\/feuerwehrschlieren.ch\/118\/impressum\/\" class=\"more-link\"><span class=\"screen-reader-text\">\u201eImpressum\u201c <\/span>weiterlesen<\/a><\/p>\n","protected":false},"author":1,"featured_media":0,"parent":0,"menu_order":0,"comment_status":"closed","ping_status":"closed","template":"","meta":{"footnotes":""},"class_list":["post-140","page","type-page","status-publish","hentry"],"_links":{"self":[{"href":"https:\/\/feuerwehrschlieren.ch\/118\/wp-json\/wp\/v2\/pages\/140","targetHints":{"allow":["GET"]}}],"collection":[{"href":"https:\/\/feuerwehrschlieren.ch\/118\/wp-json\/wp\/v2\/pages"}],"about":[{"href":"https:\/\/feuerwehrschlieren.ch\/118\/wp-json\/wp\/v2\/types\/page"}],"author":[{"embeddable":true,"href":"https:\/\/feuerwehrschlieren.ch\/118\/wp-json\/wp\/v2\/users\/1"}],"replies":[{"embeddable":true,"href":"https:\/\/feuerwehrschlieren.ch\/118\/wp-json\/wp\/v2\/comments?post=140"}],"version-history":[{"count":4,"href":"https:\/\/feuerwehrschlieren.ch\/118\/wp-json\/wp\/v2\/pages\/140\/revisions"}],"predecessor-version":[{"id":512,"href":"https:\/\/feuerwehrschlieren.ch\/118\/wp-json\/wp\/v2\/pages\/140\/revisions\/512"}],"wp:attachment":[{"href":"https:\/\/feuerwehrschlieren.ch\/118\/wp-json\/wp\/v2\/media?parent=140"}],"curies":[{"name":"wp","href":"https:\/\/api.w.org\/{rel}","templated":true}]}}