{"id":57,"date":"2019-05-12T08:02:38","date_gmt":"2019-05-12T08:02:38","guid":{"rendered":"https:\/\/feuerwehrschlieren.ch\/118\/?page_id=57"},"modified":"2026-01-04T10:26:42","modified_gmt":"2026-01-04T09:26:42","slug":"einsaetze","status":"publish","type":"page","link":"https:\/\/feuerwehrschlieren.ch\/118\/einsaetze\/","title":{"rendered":"Eins\u00e4tze"},"content":{"rendered":"<p><strong>Eins\u00e4tze 2026<\/strong><\/p>\n\n<table id=\"tablepress-10\" class=\"tablepress tablepress-id-10\">\n<thead>\n<tr class=\"row-1\">\n\t<th class=\"column-1\">Nr<\/th><th class=\"column-2\">Datum<\/th><th class=\"column-3\">Zeit<\/th><th class=\"column-4\">Ereignis<\/th><th class=\"column-5\">Bilder \/ Link<\/th>\n<\/tr>\n<\/thead>\n<tbody class=\"row-striping row-hover\">\n<tr class=\"row-2\">\n\t<td class=\"column-1\">39<\/td><td class=\"column-2\">27.04.2026<\/td><td class=\"column-3\">20:25<\/td><td class=\"column-4\">Brand Gartenhaus<\/td><td class=\"column-5\"><\/td>\n<\/tr>\n<tr class=\"row-3\">\n\t<td class=\"column-1\">38<\/td><td class=\"column-2\">20.04.2026<\/td><td class=\"column-3\">01:54<\/td><td class=\"column-4\">Wasserrohrbruch<\/td><td class=\"column-5\"><\/td>\n<\/tr>\n<tr class=\"row-4\">\n\t<td class=\"column-1\">37<\/td><td class=\"column-2\">18.04.2026<\/td><td class=\"column-3\">19:37<\/td><td class=\"column-4\">Balkonbrand (Fahrweid)<\/td><td class=\"column-5\"><\/td>\n<\/tr>\n<tr class=\"row-5\">\n\t<td class=\"column-1\">36<\/td><td class=\"column-2\">08.04.2026<\/td><td class=\"column-3\">17:20<\/td><td class=\"column-4\">\u00d6lspur<\/td><td class=\"column-5\"><\/td>\n<\/tr>\n<tr class=\"row-6\">\n\t<td class=\"column-1\">35<\/td><td class=\"column-2\">08.04.2026<\/td><td class=\"column-3\">10:07<\/td><td class=\"column-4\">Wasserrohrbruch<\/td><td class=\"column-5\"><\/td>\n<\/tr>\n<tr class=\"row-7\">\n\t<td class=\"column-1\">34<\/td><td class=\"column-2\">06.04.2026<\/td><td class=\"column-3\">19:51<\/td><td class=\"column-4\">Tierrettung<\/td><td class=\"column-5\"><\/td>\n<\/tr>\n<tr class=\"row-8\">\n\t<td class=\"column-1\">33<\/td><td class=\"column-2\">05.04.2026<\/td><td class=\"column-3\">16:33<\/td><td class=\"column-4\">Ausgeschlossene Person<\/td><td class=\"column-5\"><\/td>\n<\/tr>\n<tr class=\"row-9\">\n\t<td class=\"column-1\">32<\/td><td class=\"column-2\">01.04.2026<\/td><td class=\"column-3\">17:48<\/td><td class=\"column-4\">Rauch aus Geb\u00e4ude<\/td><td class=\"column-5\"><\/td>\n<\/tr>\n<tr class=\"row-10\">\n\t<td class=\"column-1\">31<\/td><td class=\"column-2\">31.03.2026<\/td><td class=\"column-3\">20:19<\/td><td class=\"column-4\">Wasser im Geb\u00e4ude<\/td><td class=\"column-5\"><\/td>\n<\/tr>\n<tr class=\"row-11\">\n\t<td class=\"column-1\">30<\/td><td class=\"column-2\">31.03.2.026<\/td><td class=\"column-3\">09:19<\/td><td class=\"column-4\">Unterst\u00fctzung Partnerorganisation<\/td><td class=\"column-5\"><\/td>\n<\/tr>\n<tr class=\"row-12\">\n\t<td class=\"column-1\">29<\/td><td class=\"column-2\">31.03.2.026<\/td><td class=\"column-3\">04:29<\/td><td class=\"column-4\">Wasserrohrbruch<\/td><td class=\"column-5\"><\/td>\n<\/tr>\n<tr class=\"row-13\">\n\t<td class=\"column-1\">28<\/td><td class=\"column-2\">24.03.2026<\/td><td class=\"column-3\">10:24<\/td><td class=\"column-4\">Brand im Geb\u00e4ude<\/td><td class=\"column-5\"><\/td>\n<\/tr>\n<tr class=\"row-14\">\n\t<td class=\"column-1\">27<\/td><td class=\"column-2\">23.03.2026<\/td><td class=\"column-3\">16:12<\/td><td class=\"column-4\">Brand im Geb\u00e4ude<\/td><td class=\"column-5\"><\/td>\n<\/tr>\n<tr class=\"row-15\">\n\t<td class=\"column-1\">26<\/td><td class=\"column-2\">22.03.2026<\/td><td class=\"column-3\">14:03<\/td><td class=\"column-4\">Verkehrsregelung<\/td><td class=\"column-5\"><\/td>\n<\/tr>\n<tr class=\"row-16\">\n\t<td class=\"column-1\">25<\/td><td class=\"column-2\">19.03.2026<\/td><td class=\"column-3\">16:31<\/td><td class=\"column-4\">Unterst\u00fctzung Partnerorganisation<\/td><td class=\"column-5\"><\/td>\n<\/tr>\n<tr class=\"row-17\">\n\t<td class=\"column-1\">24<\/td><td class=\"column-2\">11.03.2026<\/td><td class=\"column-3\">17:43<\/td><td class=\"column-4\">Liftrettung<\/td><td class=\"column-5\"><\/td>\n<\/tr>\n<tr class=\"row-18\">\n\t<td class=\"column-1\">23<\/td><td class=\"column-2\">28.02.2026<\/td><td class=\"column-3\">16:20<\/td><td class=\"column-4\">Wasser im Geb\u00e4ude<\/td><td class=\"column-5\"><\/td>\n<\/tr>\n<tr class=\"row-19\">\n\t<td class=\"column-1\">22<\/td><td class=\"column-2\">28.02.2026<\/td><td class=\"column-3\">06:59<\/td><td class=\"column-4\">Brand im Freien<\/td><td class=\"column-5\"><\/td>\n<\/tr>\n<tr class=\"row-20\">\n\t<td class=\"column-1\">21<\/td><td class=\"column-2\">27.02.2026<\/td><td class=\"column-3\">16:35<\/td><td class=\"column-4\">Brand Abfalleimer<\/td><td class=\"column-5\"><\/td>\n<\/tr>\n<tr class=\"row-21\">\n\t<td class=\"column-1\">20<\/td><td class=\"column-2\">26.02.2026<\/td><td class=\"column-3\">23:16<\/td><td class=\"column-4\">BMA Fehlalarm<\/td><td class=\"column-5\"><\/td>\n<\/tr>\n<tr class=\"row-22\">\n\t<td class=\"column-1\">19<\/td><td class=\"column-2\">23.02.2026<\/td><td class=\"column-3\">11:49<\/td><td class=\"column-4\">Brand Abfalleimer<\/td><td class=\"column-5\"><\/td>\n<\/tr>\n<tr class=\"row-23\">\n\t<td class=\"column-1\">18<\/td><td class=\"column-2\">21.02.2026<\/td><td class=\"column-3\">14:09<\/td><td class=\"column-4\">\u00d6l- \/ Dieselaustritt<\/td><td class=\"column-5\"><\/td>\n<\/tr>\n<tr class=\"row-24\">\n\t<td class=\"column-1\">17<\/td><td class=\"column-2\">18.02.2026<\/td><td class=\"column-3\">23:00<\/td><td class=\"column-4\">Wasser im Geb\u00e4ude<\/td><td class=\"column-5\"><\/td>\n<\/tr>\n<tr class=\"row-25\">\n\t<td class=\"column-1\">16<\/td><td class=\"column-2\">11.02.2026<\/td><td class=\"column-3\">06:31<\/td><td class=\"column-4\">Verkehrsunfall<\/td><td class=\"column-5\"><\/td>\n<\/tr>\n<tr class=\"row-26\">\n\t<td class=\"column-1\">15<\/td><td class=\"column-2\">08.02.2026<\/td><td class=\"column-3\">12:59<\/td><td class=\"column-4\">Unterst\u00fctzung Partnerorganisation<\/td><td class=\"column-5\"><\/td>\n<\/tr>\n<tr class=\"row-27\">\n\t<td class=\"column-1\">14<\/td><td class=\"column-2\">05.02.2026<\/td><td class=\"column-3\">14:47<\/td><td class=\"column-4\">BMA Fehlalarm<\/td><td class=\"column-5\"><\/td>\n<\/tr>\n<tr class=\"row-28\">\n\t<td class=\"column-1\">13<\/td><td class=\"column-2\">03.02.2026<\/td><td class=\"column-3\">11:01<\/td><td class=\"column-4\">BMA Fehlalarm<\/td><td class=\"column-5\"><\/td>\n<\/tr>\n<tr class=\"row-29\">\n\t<td class=\"column-1\">12<\/td><td class=\"column-2\">30.01.2026<\/td><td class=\"column-3\">23:42<\/td><td class=\"column-4\">Brand Abfalleimer<\/td><td class=\"column-5\"><\/td>\n<\/tr>\n<tr class=\"row-30\">\n\t<td class=\"column-1\">11<\/td><td class=\"column-2\">29.01.2026<\/td><td class=\"column-3\">17:08<\/td><td class=\"column-4\">BMA Fehlalarm<\/td><td class=\"column-5\"><\/td>\n<\/tr>\n<tr class=\"row-31\">\n\t<td class=\"column-1\">10<\/td><td class=\"column-2\">26.01.2026<\/td><td class=\"column-3\">13:30<\/td><td class=\"column-4\">BMA Fehlalarm<\/td><td class=\"column-5\"><\/td>\n<\/tr>\n<tr class=\"row-32\">\n\t<td class=\"column-1\">9<\/td><td class=\"column-2\">19.01.2026<\/td><td class=\"column-3\">11:31<\/td><td class=\"column-4\">Gasgeruch im Geb\u00e4ude<\/td><td class=\"column-5\"><\/td>\n<\/tr>\n<tr class=\"row-33\">\n\t<td class=\"column-1\">8<\/td><td class=\"column-2\">19.01.2026<\/td><td class=\"column-3\">10:33<\/td><td class=\"column-4\">BMA Fehlalarm<\/td><td class=\"column-5\"><\/td>\n<\/tr>\n<tr class=\"row-34\">\n\t<td class=\"column-1\">7<\/td><td class=\"column-2\">09.01.2026<\/td><td class=\"column-3\">17:05<\/td><td class=\"column-4\">Wasser im Geb\u00e4ude<\/td><td class=\"column-5\"><\/td>\n<\/tr>\n<tr class=\"row-35\">\n\t<td class=\"column-1\">6<\/td><td class=\"column-2\">07.01.2026<\/td><td class=\"column-3\">13:13<\/td><td class=\"column-4\">\u00d6l- \/ Dieselaustritt<\/td><td class=\"column-5\"><\/td>\n<\/tr>\n<tr class=\"row-36\">\n\t<td class=\"column-1\">5<\/td><td class=\"column-2\">06.01.2026<\/td><td class=\"column-3\">00:52<\/td><td class=\"column-4\">Rauchentwicklung im Freien<\/td><td class=\"column-5\"><\/td>\n<\/tr>\n<tr class=\"row-37\">\n\t<td class=\"column-1\">4<\/td><td class=\"column-2\">04.01.2026<\/td><td class=\"column-3\">00:56<\/td><td class=\"column-4\">Rauch im Geb\u00e4ude unklare Situation<\/td><td class=\"column-5\"><\/td>\n<\/tr>\n<tr class=\"row-38\">\n\t<td class=\"column-1\">3<\/td><td class=\"column-2\">01.01.2026<\/td><td class=\"column-3\">14:24<\/td><td class=\"column-4\">Brand im Freien<\/td><td class=\"column-5\"><\/td>\n<\/tr>\n<tr class=\"row-39\">\n\t<td class=\"column-1\">2<\/td><td class=\"column-2\">01.01.2026<\/td><td class=\"column-3\">04:57<\/td><td class=\"column-4\">BMA Fehlalarm<\/td><td class=\"column-5\"><\/td>\n<\/tr>\n<tr class=\"row-40\">\n\t<td class=\"column-1\">1<\/td><td class=\"column-2\">01.01.2026<\/td><td class=\"column-3\">01:09<\/td><td class=\"column-4\">Brand im Freien<\/td><td class=\"column-5\"><\/td>\n<\/tr>\n<\/tbody>\n<\/table>\n<!-- #tablepress-10 from cache -->\n<p>&nbsp;<\/p>\n<p><a href=\"https:\/\/feuerwehrschlieren.ch\/118\/einsaetze\/einsaetze-2025\/\"><strong>Eins\u00e4tze 2025<\/strong><\/a><\/p>\n<hr \/>\n<p><strong><a href=\"https:\/\/feuerwehrschlieren.ch\/118\/einsaetze\/einsaetze-2024\/\">Eins\u00e4tze 2024<\/a><\/strong><\/p>\n<hr \/>\n<p><a href=\"https:\/\/feuerwehrschlieren.ch\/118\/einsaetze\/einsaetze-2023\/\"><strong>Eins\u00e4tze 2023<\/strong><\/a><\/p>\n<hr \/>\n<p><a href=\"https:\/\/feuerwehrschlieren.ch\/118\/einsaetze\/einsaetze-2022\/\"><strong>Eins\u00e4tze 2022<\/strong><\/a><strong><br \/>\n<\/strong><\/p>\n<hr \/>\n<p><a href=\"https:\/\/feuerwehrschlieren.ch\/118\/einsaetze\/einsaetze-2021\/\"><strong>Eins\u00e4tze 2021<\/strong><\/a><\/p>\n<hr \/>\n<p><a href=\"https:\/\/feuerwehrschlieren.ch\/118\/einsaetze\/einsaetze-2020\/\"><strong>Eins\u00e4tze 2020<\/strong><\/a><\/p>\n<hr \/>\n<p><a href=\"https:\/\/feuerwehrschlieren.ch\/118\/einsaetze\/einsaetze-2019\/\"><strong>Eins\u00e4tze 2019<\/strong><\/a><\/p>\n<hr \/>\n<p>&nbsp;<\/p>\n","protected":false},"excerpt":{"rendered":"<p>Eins\u00e4tze 2026 &nbsp; Eins\u00e4tze 2025 Eins\u00e4tze 2024 Eins\u00e4tze 2023 Eins\u00e4tze 2022 Eins\u00e4tze 2021 Eins\u00e4tze 2020 Eins\u00e4tze 2019 &nbsp;<\/p>\n","protected":false},"author":1,"featured_media":0,"parent":0,"menu_order":0,"comment_status":"closed","ping_status":"closed","template":"","meta":{"footnotes":""},"class_list":["post-57","page","type-page","status-publish","hentry"],"_links":{"self":[{"href":"https:\/\/feuerwehrschlieren.ch\/118\/wp-json\/wp\/v2\/pages\/57","targetHints":{"allow":["GET"]}}],"collection":[{"href":"https:\/\/feuerwehrschlieren.ch\/118\/wp-json\/wp\/v2\/pages"}],"about":[{"href":"https:\/\/feuerwehrschlieren.ch\/118\/wp-json\/wp\/v2\/types\/page"}],"author":[{"embeddable":true,"href":"https:\/\/feuerwehrschlieren.ch\/118\/wp-json\/wp\/v2\/users\/1"}],"replies":[{"embeddable":true,"href":"https:\/\/feuerwehrschlieren.ch\/118\/wp-json\/wp\/v2\/comments?post=57"}],"version-history":[{"count":19,"href":"https:\/\/feuerwehrschlieren.ch\/118\/wp-json\/wp\/v2\/pages\/57\/revisions"}],"predecessor-version":[{"id":3350,"href":"https:\/\/feuerwehrschlieren.ch\/118\/wp-json\/wp\/v2\/pages\/57\/revisions\/3350"}],"wp:attachment":[{"href":"https:\/\/feuerwehrschlieren.ch\/118\/wp-json\/wp\/v2\/media?parent=57"}],"curies":[{"name":"wp","href":"https:\/\/api.w.org\/{rel}","templated":true}]}}